{"id":3781,"date":"2023-06-28T13:24:42","date_gmt":"2023-06-28T13:24:42","guid":{"rendered":"https:\/\/www.expressheroes.eu\/?page_id=3781"},"modified":"2026-03-30T06:50:51","modified_gmt":"2026-03-30T06:50:51","slug":"certificates_lt","status":"publish","type":"page","link":"https:\/\/expressheroes.eu\/ru\/certificates_lt\/","title":{"rendered":"Certificates Lithuania"},"content":{"rendered":"<h2><span>Express Heroes UAB (Lithuania)<\/span><\/h2>\n<div>\n<p>Express Heroes UAB holds certificates like:<\/p>\n<\/p>\n<\/div>\n<ul>\n<li>\n<p>\n        <a href=\"\/wp-content\/uploads\/2026\/03\/ISO_9001-ENG-C672451-1-20260218.pdf\">ISO-9001<\/a>\n    <\/p>\n<\/li>\n<li>\n<p>\n        <a href=\"\/wp-content\/uploads\/2026\/03\/ISO_14001-ENG-C672454-1-20260218.pdf\">ISO-14001<\/a>\n    <\/p>\n<\/li>\n<li>\n<p>\n        <a href=\"\/wp-content\/uploads\/2026\/03\/ISO_45001-ENG-C672455-1-20260218.pdf\">ISO-45001<\/a>\n    <\/p>\n<\/li>\n<\/ul>\n<ul>\n<li>\n<p>\n        <a href=\"\/wp-content\/uploads\/2026\/03\/ISO_9001-LIT-C672451-1-20260218.pdf\">ISO-9001<\/a>\n    <\/p>\n<\/li>\n<li>\n<p>\n        <a href=\"\/wp-content\/uploads\/2026\/03\/ISO_14001-LIT-C672454-1-20260218.pdf\">ISO-14001<\/a>\n    <\/p>\n<\/li>\n<li>\n<p>\n        <a href=\"\/wp-content\/uploads\/2026\/03\/ISO_45001-LIT-C672455-1-20260218.pdf\">ISO-45001<\/a>\n    <\/p>\n<\/li>\n<\/ul>\n<p><!--more--><br \/>\n<!-- {\"type\":\"layout\",\"children\":[{\"type\":\"section\",\"props\":{\"image_position\":\"center-center\",\"style\":\"default\",\"title_breakpoint\":\"xl\",\"title_position\":\"top-left\",\"title_rotation\":\"left\",\"vertical_align\":\"\",\"width\":\"default\"},\"children\":[{\"type\":\"row\",\"children\":[{\"type\":\"column\",\"props\":{\"image_position\":\"center-center\",\"position_sticky_breakpoint\":\"m\"},\"children\":[{\"type\":\"headline\",\"props\":{\"content\":\"<span>Express Heroes UAB (Lithuania)<\/span>\",\"content_lt_lt\":\"Express Heroes UAB (Lietuva)\",\"content_lv\":\"Express Heroes UAB (Lietuva)\",\"content_pl_pl\":\"Express Heroes UAB (Litwa)\",\"content_ro_ro\":\"Express Heroes UAB (Lituania)\",\"content_ru_ru\":\"Express Heroes UAB (\u041b\u0438\u0442\u0432\u0430)\",\"content_uk\":\"Express Heroes UAB (\u041b\u0438\u0442\u0432\u0430)\",\"image_align\":\"left\",\"image_margin\":\"xsmall\",\"title_element\":\"h2\"}},{\"type\":\"text\",\"props\":{\"column_breakpoint\":\"m\",\"content\":\"\n\n<p>Express Heroes UAB holds certificates like:<\/p>\n\n\\n\n\n\n\n\",\"content_lt_lt\":\"\n\n<p>UAB \u201eExpress Heroes\u201c turi tokius sertifikatus kaip:<\/p>\n\n\",\"content_lv\":\"\n\n<p>Express Heroes UAB ir t\u0101di sertifik\u0101ti k\u0101:<\/p>\n\n\",\"content_pl_pl\":\"\n\n<p>Express Heroes UAB posiada takie certyfikaty jak:<\/p>\n\n\",\"content_ro_ro\":\"\n\n<p>Express Heroes UAB de\u021bine certificate precum:<\/p>\n\n\",\"content_ru_ru\":\"\n\n<p>\u0417\u0410\u041e \u00ab\u042d\u043a\u0441\u043f\u0440\u0435\u0441\u0441 \u0413\u0435\u0440\u043e\u0438\u00bb \u0438\u043c\u0435\u0435\u0442 \u0442\u0430\u043a\u0438\u0435 \u0441\u0435\u0440\u0442\u0438\u0444\u0438\u043a\u0430\u0442\u044b, \u043a\u0430\u043a:<\/p>\n\n\",\"content_uk\":\"\n\n<p>Express Heroes UAB \u043c\u0430\u0454 \u0442\u0430\u043a\u0456 \u0441\u0435\u0440\u0442\u0438\u0444\u0456\u043a\u0430\u0442\u0438, \u044f\u043a:<\/p>\n\n\",\"margin_bottom\":\"default\",\"margin_top\":\"default\"}},{\"type\":\"button\",\"props\":{\"grid_column_gap\":\"small\",\"grid_row_gap\":\"small\",\"margin_bottom\":\"default\",\"margin_top\":\"default\",\"yooessentials_access_conditions\":[{\"type\":\"yooessentials_access_language\",\"id\":\"ci_9ACF2D\",\"props\":{\"languages\":[\"lt_LT\"],\"reversed\":true}}],\"yooessentials_access_mode\":\"AND\"},\"children\":[{\"type\":\"button_item\",\"props\":{\"button_style\":\"default\",\"content\":\"ISO-9001\",\"dialog_layout\":\"modal\",\"dialog_offcanvas_flip\":true,\"icon_align\":\"left\",\"link\":\"wp-content\/uploads\/2026\/03\/ISO_9001-ENG-C672451-1-20260218.pdf\"}},{\"type\":\"button_item\",\"props\":{\"button_style\":\"default\",\"content\":\"ISO-14001\",\"dialog_layout\":\"modal\",\"dialog_offcanvas_flip\":true,\"icon_align\":\"left\",\"link\":\"wp-content\/uploads\/2026\/03\/ISO_14001-ENG-C672454-1-20260218.pdf\"}},{\"type\":\"button_item\",\"props\":{\"button_style\":\"default\",\"content\":\"ISO-45001\",\"dialog_layout\":\"modal\",\"dialog_offcanvas_flip\":true,\"icon_align\":\"left\",\"link\":\"wp-content\/uploads\/2026\/03\/ISO_45001-ENG-C672455-1-20260218.pdf\"}}]},{\"type\":\"button\",\"props\":{\"grid_column_gap\":\"small\",\"grid_row_gap\":\"small\",\"margin_bottom\":\"default\",\"margin_top\":\"default\",\"yooessentials_access_conditions\":[{\"type\":\"yooessentials_access_language\",\"id\":\"ci_5067DE\",\"props\":{\"languages\":[\"lt_LT\"]}}],\"yooessentials_access_mode\":\"AND\"},\"children\":[{\"type\":\"button_item\",\"props\":{\"button_style\":\"default\",\"content\":\"ISO-9001\",\"dialog_layout\":\"modal\",\"dialog_offcanvas_flip\":true,\"icon_align\":\"left\",\"link\":\"wp-content\/uploads\/2026\/03\/ISO_9001-LIT-C672451-1-20260218.pdf\",\"yooessentials_access_conditions\":[],\"yooessentials_access_mode\":\"AND\"}},{\"type\":\"button_item\",\"props\":{\"button_style\":\"default\",\"content\":\"ISO-14001\",\"dialog_layout\":\"modal\",\"dialog_offcanvas_flip\":true,\"icon_align\":\"left\",\"link\":\"wp-content\/uploads\/2026\/03\/ISO_14001-LIT-C672454-1-20260218.pdf\"}},{\"type\":\"button_item\",\"props\":{\"button_style\":\"default\",\"content\":\"ISO-45001\",\"dialog_layout\":\"modal\",\"dialog_offcanvas_flip\":true,\"icon_align\":\"left\",\"link\":\"wp-content\/uploads\/2026\/03\/ISO_45001-LIT-C672455-1-20260218.pdf\"}}]}]}]}]}],\"version\":\"5.0.25\",\"yooessentialsVersion\":\"3.0.2\"} --><\/p>\n","protected":false},"excerpt":{"rendered":"<p>Express Heroes UAB (Lithuania) Express Heroes UAB holds certificates like: ISO-9001 ISO-14001 ISO-45001 ISO-9001 ISO-14001 ISO-45001<\/p>\n","protected":false},"author":1,"featured_media":0,"parent":0,"menu_order":0,"comment_status":"closed","ping_status":"closed","template":"","meta":{"_acf_changed":false,"content-type":"","footnotes":""},"class_list":["post-3781","page","type-page","status-publish","hentry"],"acf":[],"_links":{"self":[{"href":"https:\/\/expressheroes.eu\/ru\/wp-json\/wp\/v2\/pages\/3781","targetHints":{"allow":["GET"]}}],"collection":[{"href":"https:\/\/expressheroes.eu\/ru\/wp-json\/wp\/v2\/pages"}],"about":[{"href":"https:\/\/expressheroes.eu\/ru\/wp-json\/wp\/v2\/types\/page"}],"author":[{"embeddable":true,"href":"https:\/\/expressheroes.eu\/ru\/wp-json\/wp\/v2\/users\/1"}],"replies":[{"embeddable":true,"href":"https:\/\/expressheroes.eu\/ru\/wp-json\/wp\/v2\/comments?post=3781"}],"version-history":[{"count":1,"href":"https:\/\/expressheroes.eu\/ru\/wp-json\/wp\/v2\/pages\/3781\/revisions"}],"predecessor-version":[{"id":6822,"href":"https:\/\/expressheroes.eu\/ru\/wp-json\/wp\/v2\/pages\/3781\/revisions\/6822"}],"wp:attachment":[{"href":"https:\/\/expressheroes.eu\/ru\/wp-json\/wp\/v2\/media?parent=3781"}],"curies":[{"name":"wp","href":"https:\/\/api.w.org\/{rel}","templated":true}]}}