{"id":2277,"date":"2023-01-11T08:07:46","date_gmt":"2023-01-11T08:07:46","guid":{"rendered":"https:\/\/www.expressheroes.eu\/?page_id=2277"},"modified":"2025-12-15T16:47:09","modified_gmt":"2025-12-15T16:47:09","slug":"general-terms-and-conditions","status":"publish","type":"page","link":"https:\/\/expressheroes.eu\/uk\/zahalni-umovy\/","title":{"rendered":"\u0417\u0430\u0433\u0430\u043b\u044c\u043d\u0456 \u0443\u043c\u043e\u0432\u0438"},"content":{"rendered":"<h1><span class=\"markedContent\" id=\"page3R_mcid2\"><span role=\"presentation\" dir=\"ltr\">General Service Order Terms and Conditions <\/span><\/span><\/h1>\n<h3><span class=\"markedContent\" id=\"page3R_mcid2\"><span role=\"presentation\" dir=\"ltr\">UAB Express Heroes<br \/><\/span><\/span><\/h3>\n<ul>\n<li>\n        <a href=\"\/wp-content\/uploads\/2025\/05\/Bendrosios-salygos_EN-2025-05-12.pdf\">General service order terms and conditions<\/a>\n    <\/li>\n<li>\n        <a href=\"\/wp-content\/uploads\/2025\/05\/Bendrosios-salygos_LT-2025-05-12.pdf\">U\u017esakovo UAB \u201cExpress Heroes\u201d u\u017esakymo bendrosios s\u0105lygos<\/a>\n    <\/li>\n<li>\n        <a href=\"\/wp-content\/uploads\/2025\/05\/Bendrosios-salygos_RU-2025-05-12-1.pdf\">\u041e\u0431\u0449\u0438\u0435 \u0443\u0441\u043b\u043e\u0432\u0438\u044f \u0437\u0430\u043a\u0430\u0437\u0430 \u0437\u0430\u043a\u0430\u0437\u0447\u0438\u043a\u0430 UAB Express Heroes<\/a>\n    <\/li>\n<\/ul>\n<h3><span class=\"markedContent\" id=\"page3R_mcid2\"><span role=\"presentation\" dir=\"ltr\"><span class=\"markedContent\" id=\"page3R_mcid1\">Express Heroes SIA<br \/><\/span><\/span><\/span><\/h3>\n<ul>\n<li>\n        <a href=\"\/wp-content\/uploads\/2023\/01\/Express-Heroes_SIA_CCO.pdf\">General service order terms and conditions<\/a>\n    <\/li>\n<li>\n        <a href=\"\/wp-content\/uploads\/2023\/09\/Express-Heroes_SIA_CCO_LV.pdf\">Visp\u0101r\u012bgie pakalpojumu pas\u016bt\u012bjuma noteikumi un nosac\u012bjum<\/a>\n    <\/li>\n<\/ul>\n<h3><span class=\"markedContent\" id=\"page3R_mcid2\"><span role=\"presentation\" dir=\"ltr\"><span class=\"markedContent\" id=\"page3R_mcid1\"><span><span class=\"ui-provider wv b c d e f g h i j k l m n o p q r s t u v w x y z ab ac ae af ag ah ai aj ak\" dir=\"ltr\">Express Heroes S.R.L<\/span><\/span><\/span><\/span><\/span><\/h3>\n<ul>\n<li>\n        <a href=\"\/wp-content\/uploads\/2023\/03\/terms-conditions-eh-srl-eng.pdf\">General service order terms and conditions<\/a>\n    <\/li>\n<li>\n        <a href=\"\/wp-content\/uploads\/2023\/03\/terms-conditions-eh-srl-ro.pdf\">Termeni \u0219i condi\u021bii cu caracter general<\/a>\n    <\/li>\n<\/ul>\n<table>\n<tbody>\n<tr>\n<td>Express Heroes, UAB<\/td>\n<td><\/td>\n<\/tr>\n<tr>\n<td>Registration code<\/td>\n<td>\n<p>305019406<\/p>\n<\/td>\n<\/tr>\n<tr>\n<td>Address<\/td>\n<td>\n<p>Pramon\u0117s pr. 13<br \/>LT-51327 Kaunas<br \/>Lithuania<\/p>\n<\/td>\n<\/tr>\n<tr>\n<td>VAT<\/td>\n<td>\n<p>LT100012204014<\/p>\n<\/td>\n<\/tr>\n<tr>\n<td>Email<\/td>\n<td>\n<p>info.lt@expressheroes.eu<\/p>\n<\/td>\n<\/tr>\n<tr>\n<td>Telephone<\/td>\n<td>\n<p>+370 37 788\u00a0646<\/p>\n<\/td>\n<\/tr>\n<tr>\n<td>Mobile<\/td>\n<td>\n<p>+370 62 042 048<\/p>\n<\/td>\n<\/tr>\n<\/tbody>\n<\/table>\n<p>\n    <a href=\"https:\/\/www.expressheroes.eu\/general-terms-and-conditions\/old-revisions\/\">Old Revisions<\/a>\n<\/p>\n<p><!--more--><br \/>\n<!-- {\"type\":\"layout\",\"children\":[{\"type\":\"section\",\"props\":{\"image_position\":\"center-center\",\"style\":\"default\",\"title_breakpoint\":\"xl\",\"title_position\":\"top-left\",\"title_rotation\":\"left\",\"vertical_align\":\"\",\"width\":\"default\"},\"children\":[{\"type\":\"row\",\"children\":[{\"type\":\"column\",\"props\":{\"image_position\":\"center-center\",\"position_sticky_breakpoint\":\"m\"},\"children\":[{\"type\":\"headline\",\"props\":{\"content\":\"<span class=\\\"markedContent\\\" id=\\\"page3R_mcid2\\\"><span role=\\\"presentation\\\" dir=\\\"ltr\\\">General Service Order Terms and Conditions <\\\/span><\\\/span>\",\"content_pl_pl\":\"<span data-sheets-root=\\\"1\\\">Regulamin<\\\/span>\",\"content_uk\":\"<span data-sheets-root=\\\"1\\\">\\u0417\\u0430\\u0433\\u0430\\u043b\\u044c\\u043d\\u0456 \\u0443\\u043c\\u043e\\u0432\\u0438<\\\/span>\",\"title_element\":\"h1\"}}]}]}]},{\"type\":\"section\",\"props\":{\"image_position\":\"center-center\",\"style\":\"muted\",\"title_breakpoint\":\"xl\",\"title_position\":\"top-left\",\"title_rotation\":\"left\",\"vertical_align\":\"\",\"width\":\"default\"},\"children\":[{\"type\":\"row\",\"props\":{\"layout\":\"1-2,1-2\"},\"children\":[{\"type\":\"column\",\"props\":{\"image_position\":\"center-center\",\"position_sticky_breakpoint\":\"m\",\"width_medium\":\"1-2\"},\"children\":[{\"type\":\"headline\",\"props\":{\"content\":\"<span class=\\\"markedContent\\\" id=\\\"page3R_mcid2\\\"><span role=\\\"presentation\\\" dir=\\\"ltr\\\">UAB Express Heroes<br \\\/><\\\/span><\\\/span>\",\"title_element\":\"h3\"}},{\"type\":\"button\",\"props\":{\"grid_column_gap\":\"small\",\"grid_row_gap\":\"small\",\"margin\":\"default\"},\"children\":[{\"type\":\"button_item\",\"props\":{\"add_lang_param\":\"false\",\"button_style\":\"primary\",\"content\":\"General service order terms and conditions\",\"icon\":\"cloud-download\",\"icon_align\":\"left\",\"link\":\"wp-content\\\/uploads\\\/2025\\\/05\\\/Bendrosios-salygos_EN-2025-05-12.pdf\",\"link_target\":\"blank\"}},{\"type\":\"button_item\",\"props\":{\"add_lang_param\":\"false\",\"button_style\":\"primary\",\"content\":\"U\\u017esakovo UAB \\u201cExpress Heroes\\u201d u\\u017esakymo bendrosios s\\u0105lygos\",\"icon\":\"cloud-download\",\"icon_align\":\"left\",\"link\":\"wp-content\\\/uploads\\\/2025\\\/05\\\/Bendrosios-salygos_LT-2025-05-12.pdf\",\"link_target\":\"blank\"}},{\"type\":\"button_item\",\"props\":{\"add_lang_param\":\"false\",\"button_style\":\"primary\",\"content\":\"\\u041e\\u0431\\u0449\\u0438\\u0435 \\u0443\\u0441\\u043b\\u043e\\u0432\\u0438\\u044f \\u0437\\u0430\\u043a\\u0430\\u0437\\u0430 \\u0437\\u0430\\u043a\\u0430\\u0437\\u0447\\u0438\\u043a\\u0430 UAB Express Heroes\",\"icon\":\"cloud-download\",\"icon_align\":\"left\",\"link\":\"wp-content\\\/uploads\\\/2025\\\/05\\\/Bendrosios-salygos_RU-2025-05-12-1.pdf\",\"link_target\":\"blank\"}}]},{\"type\":\"headline\",\"props\":{\"content\":\"<span class=\\\"markedContent\\\" id=\\\"page3R_mcid2\\\"><span role=\\\"presentation\\\" dir=\\\"ltr\\\"><span class=\\\"markedContent\\\" id=\\\"page3R_mcid1\\\">Express Heroes SIA<br \\\/><\\\/span><\\\/span><\\\/span>\",\"title_element\":\"h3\"}},{\"type\":\"button\",\"props\":{\"grid_column_gap\":\"small\",\"grid_row_gap\":\"small\",\"margin\":\"default\"},\"children\":[{\"type\":\"button_item\",\"props\":{\"add_lang_param\":\"false\",\"button_style\":\"primary\",\"content\":\"General service order terms and conditions\",\"icon\":\"cloud-download\",\"icon_align\":\"left\",\"lightbox_height\":\"900px\",\"lightbox_width\":\"900px\",\"link\":\"\\\/wp-content\\\/uploads\\\/2023\\\/01\\\/Express-Heroes_SIA_CCO.pdf\",\"link_target\":\"blank\",\"link_title\":\"Bendrosios-salygos_EN_terms_from-05.12.2022\"}},{\"type\":\"button_item\",\"props\":{\"add_lang_param\":\"false\",\"button_style\":\"primary\",\"content\":\"Visp\\u0101r\\u012bgie pakalpojumu pas\\u016bt\\u012bjuma noteikumi un nosac\\u012bjum\",\"icon\":\"cloud-download\",\"icon_align\":\"left\",\"lightbox_height\":\"900px\",\"lightbox_width\":\"900px\",\"link\":\"wp-content\\\/uploads\\\/2023\\\/09\\\/Express-Heroes_SIA_CCO_LV.pdf\",\"link_target\":\"blank\"}}]},{\"type\":\"headline\",\"props\":{\"content\":\"<span class=\\\"markedContent\\\" id=\\\"page3R_mcid2\\\"><span role=\\\"presentation\\\" dir=\\\"ltr\\\"><span class=\\\"markedContent\\\" id=\\\"page3R_mcid1\\\"><span><span class=\\\"ui-provider wv b c d e f g h i j k l m n o p q r s t u v w x y z ab ac ae af ag ah ai aj ak\\\" dir=\\\"ltr\\\">Express Heroes S.R.L<\\\/span><\\\/span><\\\/span><\\\/span><\\\/span>\",\"title_element\":\"h3\"}},{\"type\":\"button\",\"props\":{\"grid_column_gap\":\"small\",\"grid_row_gap\":\"small\",\"margin\":\"default\"},\"children\":[{\"type\":\"button_item\",\"props\":{\"add_lang_param\":\"false\",\"button_style\":\"primary\",\"content\":\"General service order terms and conditions\",\"icon\":\"cloud-download\",\"icon_align\":\"left\",\"lightbox_height\":\"900px\",\"lightbox_width\":\"900px\",\"link\":\"wp-content\\\/uploads\\\/2023\\\/03\\\/terms-conditions-eh-srl-eng.pdf\",\"link_target\":\"blank\"}},{\"type\":\"button_item\",\"props\":{\"add_lang_param\":\"false\",\"button_style\":\"primary\",\"content\":\"Termeni \\u0219i condi\\u021bii cu caracter general\",\"icon\":\"cloud-download\",\"icon_align\":\"left\",\"lightbox_height\":\"900px\",\"lightbox_width\":\"900px\",\"link\":\"wp-content\\\/uploads\\\/2023\\\/03\\\/terms-conditions-eh-srl-ro.pdf\",\"link_target\":\"blank\"}}]}]},{\"type\":\"column\",\"props\":{\"image_position\":\"center-center\",\"position_sticky_breakpoint\":\"m\",\"width_medium\":\"1-2\"},\"children\":[{\"type\":\"table\",\"props\":{\"image_svg_color\":\"emphasis\",\"link_style\":\"default\",\"link_text\":\"Read more\",\"margin_remove_bottom\":true,\"margin_remove_top\":true,\"meta_style\":\"text-meta\",\"show_content\":true,\"show_image\":true,\"show_link\":true,\"show_meta\":true,\"show_title\":true,\"table_order\":\"1\",\"table_responsive\":\"responsive\",\"table_size\":\"small\",\"table_style\":\"divider\",\"table_width_content\":\"medium\",\"table_width_meta\":\"shrink\",\"table_width_title\":\"shrink\",\"title_font_family\":\"primary\"},\"children\":[{\"type\":\"table_item\",\"props\":{\"title\":\"Express Heroes, UAB\"}},{\"type\":\"table_item\",\"props\":{\"content\":\"\n\n<p>305019406<\\\/p>\",\"title\":\"Registration code\"}},{\"type\":\"table_item\",\"props\":{\"content\":\"\n\n<p>Pramon\\u0117s pr. 13<br \\\/>LT-51327 Kaunas<br \\\/>Lithuania<\\\/p>\",\"title\":\"Address\"}},{\"type\":\"table_item\",\"props\":{\"content\":\"\n\n<p>LT100012204014<\\\/p>\",\"title\":\"VAT\"}},{\"type\":\"table_item\",\"props\":{\"content\":\"\n\n<p>info.lt@expressheroes.eu<\\\/p>\",\"title\":\"Email\"}},{\"type\":\"table_item\",\"props\":{\"content\":\"\n\n<p>+370 37 788\\u00a0646<\\\/p>\",\"title\":\"Telephone\"}},{\"type\":\"table_item\",\"props\":{\"content\":\"\n\n<p>+370 62 042 048<\\\/p>\",\"title\":\"Mobile\"}}]},{\"type\":\"button\",\"props\":{\"grid_column_gap\":\"small\",\"grid_row_gap\":\"small\",\"margin\":\"default\"},\"children\":[{\"type\":\"button_item\",\"props\":{\"add_lang_param\":\"false\",\"button_style\":\"primary\",\"content\":\"Old Revisions\",\"content_lt_lt\":\"Senieji pakeitimai\",\"content_lv\":\"Vec\\u0101s p\\u0101rskat\\u012b\\u0161anas\",\"content_pl_pl\":\"Stare wersje\",\"content_ro_ro\":\"Revizuiri vechi\",\"content_ru_ru\":\"\\u0421\\u0442\\u0430\\u0440\\u044b\\u0435 \\u0440\\u0435\\u0434\\u0430\\u043a\\u0446\\u0438\\u0438\",\"content_uk\":\"\\u0421\\u0442\\u0430\\u0440\\u0456 \\u0432\\u0435\\u0440\\u0441\\u0456\\u0457\",\"icon\":\"info\",\"icon_align\":\"left\",\"lightbox_height\":\"900px\",\"lightbox_width\":\"900px\",\"link\":\"https:\\\/\\\/www.expressheroes.eu\\\/general-terms-and-conditions\\\/old-revisions\\\/\"}}]}]}]}]}],\"version\":\"4.5.32\",\"yooessentialsVersion\":\"2.4.12\"} --><\/p>\n","protected":false},"excerpt":{"rendered":"<p>General Service Order Terms and Conditions UAB Express Heroes General service order terms and conditions U\u017esakovo UAB \u201cExpress Heroes\u201d u\u017esakymo bendrosios s\u0105lygos \u041e\u0431\u0449\u0438\u0435 \u0443\u0441\u043b\u043e\u0432\u0438\u044f \u0437\u0430\u043a\u0430\u0437\u0430 \u0437\u0430\u043a\u0430\u0437\u0447\u0438\u043a\u0430 UAB Express Heroes Express Heroes SIA General service order terms and conditions Visp\u0101r\u012bgie pakalpojumu pas\u016bt\u012bjuma noteikumi un nosac\u012bjum Express Heroes S.R.L General service order terms and conditions Termeni \u0219i [&hellip;]<\/p>\n","protected":false},"author":1,"featured_media":0,"parent":0,"menu_order":0,"comment_status":"closed","ping_status":"closed","template":"","meta":{"_acf_changed":false,"content-type":"","footnotes":""},"class_list":["post-2277","page","type-page","status-publish","hentry"],"acf":[],"_links":{"self":[{"href":"https:\/\/expressheroes.eu\/uk\/wp-json\/wp\/v2\/pages\/2277","targetHints":{"allow":["GET"]}}],"collection":[{"href":"https:\/\/expressheroes.eu\/uk\/wp-json\/wp\/v2\/pages"}],"about":[{"href":"https:\/\/expressheroes.eu\/uk\/wp-json\/wp\/v2\/types\/page"}],"author":[{"embeddable":true,"href":"https:\/\/expressheroes.eu\/uk\/wp-json\/wp\/v2\/users\/1"}],"replies":[{"embeddable":true,"href":"https:\/\/expressheroes.eu\/uk\/wp-json\/wp\/v2\/comments?post=2277"}],"version-history":[{"count":2,"href":"https:\/\/expressheroes.eu\/uk\/wp-json\/wp\/v2\/pages\/2277\/revisions"}],"predecessor-version":[{"id":6127,"href":"https:\/\/expressheroes.eu\/uk\/wp-json\/wp\/v2\/pages\/2277\/revisions\/6127"}],"wp:attachment":[{"href":"https:\/\/expressheroes.eu\/uk\/wp-json\/wp\/v2\/media?parent=2277"}],"curies":[{"name":"wp","href":"https:\/\/api.w.org\/{rel}","templated":true}]}}